{"id":82,"date":"2019-01-26T12:58:39","date_gmt":"2019-01-26T12:58:39","guid":{"rendered":"https:\/\/www.zebra.expert\/sl\/?page_id=82"},"modified":"2019-07-29T10:19:04","modified_gmt":"2019-07-29T10:19:04","slug":"home","status":"publish","type":"page","link":"https:\/\/www.zebra.expert\/sl\/","title":{"rendered":"Home"},"content":{"rendered":"\n<!--FUll page start-->\n<div class=\"first-sec\">\n<!-- <div class=\"a\"><\/div> -->\n<header2  class=\"render\"><div id=\"js-canvas-wrapper\" class=\"canvas-wrapper\"><\/div><\/header2>\n\t\n<!--Content Flow-->\n<div class=\"centerhv\">\n<ul class=\"testimonial-txt\" style=\"margin:0; padding:0; list-style: none;\">\n\n<li class=\"hidefade\"><div class=\"h1  wow animated  fadeInUp delay-2s\"  data-wow-delay=\"2s\">Ena Vizija Ena&nbsp;Misija<sup>\u2122<\/sup><\/div>\n<div class=\"whiteline hidefade  wow animated  fadeInUp delay-2.5s\"  data-wow-delay=\"2.5s\">&nbsp;<\/div>\n<div class=\"h6 hidefade  wow animated  fadeInUp delay-3s\"  data-wow-delay=\"3s\">Skupaj Najbolj\u0161i!<\/div><\/li>\n\n<!--\n<li class=\"hidefade\"><div class=\"h1  wow animated  fadeInUp delay-2s\"  data-wow-delay=\"2s\">Mi smo ZEBRA<sup>\u00ae<\/sup>!<\/div>\n<div class=\"whiteline hidefade  wow animated  fadeInUp delay-2.5s\"  data-wow-delay=\"2.5s\">&nbsp;<\/div>\n<div class=\"h6 hidefade  wow animated  fadeInUp delay-3s\"  data-wow-delay=\"3s\">Tukaj smo za vas v Sloveniji.<\/div><\/li>\n-->\n\n<\/ul>\n\n<\/div>\n\n\n<div class=\"godown\"><a href=\"#section-two\"><div class=\"head_scroll wow animated  fadeInUp delay-4s\"  data-wow-delay=\"4s\"><span>Pomaknite navzdol<\/span><\/div><\/a><\/div>\n\n<\/div>\n<div class=\"clearfix\"><\/div>\n\n\n<!-- here is 2 block of white background-->\n<!--second-sec-->\n<div class=\"second-sec\" id=\"section-two\">\n<div class=\"container\">\n<div class=\"row\">\n<div class=\"col-md-12\">\n<div class=\"about-bg\">\n<div class=\"aboutcenterhv\">\n<div class=\"container-fluid\">\n\n<div class=\"head-abt  wow animated  fadeInUp delay-0.5s\"><div class=\"left-line  wow animated  fadeInUp delay-1.5s\"  data-wow-delay=\"1.5s\"><\/div>O Nas\n<div class=\"readmore-side\"><a href=\"https:\/\/www.zebra.expert\/sl\/about-us\/\">Preberi ve\u010d<\/a><\/div>\n<\/div>\n\n<div class=\"row\">\n<div class=\"col-md-12\">\n<div class=\"about-sub-head\">\n<div class=\"hidetxt\"><div class=\"hdg2\">Mi smo ZEBRA<sup>\u00ae<\/sup>! Tukaj smo za vas. <br>Sedaj za va\u0161o prihodnost.\n<\/div><\/div>\n<\/div>\n\n\n<\/div>\n\n\n<!--1--><div class=\"col-md-5 offset-md-1\">\n<div class=\"about-item\">\n  <div class=\"head-matter\">\n<div class=\"hidetxt\"><h3>Mi smo ZEBRA<SUP>\u00ae<\/SUP> Strokovnjaki!<\/h3><\/div><\/div>\n<div class=\"hidetxt\">\n<p>Mi smo ekipa strokovnjakov, da vam pomagamo ustvariti edinstveno uporabni\u0161ko izku\u0161njo za vas in za va\u0161e stranke.<\/p><\/div>\n<\/div><\/div><!--1-->\n\n\n<!--1--><div class=\"col-md-5\">\n<div class=\"about-item\">\n<div class=\"head-matter\">\n<div class=\"hidetxt\"><h3>Mi smo ZEBRA<SUP>\u00ae<\/SUP> Kreatorji!<\/h3><\/div><\/div>\n<div class=\"hidetxt\"><p>Mi ustvarjamo zvoke, blagovne znamke, industrijske dizajne in funkcionalnosti. Ustvarjamo za vas in za\u0161\u010ditimo va\u0161e kreacije kjerkoli \u017eelite. \nTukaj smo danes za vas, da vam pomagamo pove\u010dati prodajo.<\/p>\n<\/div>\n<\/div><\/div><!--1-->\n\n\n<!--More-->\n<div class=\"col-md-12 offset-md-1\">\n<div class=\"hidetxt\"><div class=\"hdg2\">\n<div class=\"flex\" style=\"margin:40px 0 0 0 !important\"><span class=\"bttn-dark2 readmore-jump2\" style=\"width:240px;\"><a href=\"https:\/\/www.zebra.expert\/sl\/about-us\/\">Preberi ve\u010d<\/a><\/span><\/div>\n<\/div><\/div>\n\n<\/div><!--More end-->\n\n\n\n<\/div><\/div><\/div><\/div>\n<div class=\"clearfix\"><\/div>\n\n\n\n\n\n\n<div class=\"service-bg\" style=\"height:auto !important\">\n<div class=\"servicescenterhv\" style=\"position:static !important; transform:translate(0%, 0%) !important\">\n<div class=\"container-fluid\">\n\n<div class=\"head-abt  wow animated  fadeInUp delay-0.5s\"><div class=\"left-line  wow animated  fadeInUp delay-1.5s\"  data-wow-delay=\"1.5s\"><\/div>Na\u0161e Storitve\n<div class=\"readmore-side\"><a href=\"https:\/\/www.zebra.expert\/sl\/services\/\">Preberi ve\u010d<\/a><\/div>\n<\/div>\n\n<div class=\"row\">\n\n\n\n<!--1-->\n<div class=\"col-md-4\">\n<div class=\"service-item\">\n<div class=\"wow animated  fadeInDown\"><div class=\"rotate-text\">01<\/div><\/div>\n<h4 class=\" wow animated  fadeInUp\" data-wow-delay=\".75s\">ZEBRA<sup>\u00ae<\/sup> Skladatelji<\/h4>\n<p class=\"phide wow animated  fadeInUp\" data-wow-delay=\"1.25s\">\nPrisluhnemo vam in va\u0161im sanjam in ustvarimo ZVOK SAMO ZA VAS! Zvok ustvarimo tako, da brezpogojno lo\u010dimo va\u0161e izdelke in storitve od izdelkov in storitev drugih na trgu. Ljudem omogo\u010damo, da VA\u0160O BLAGOVNO ZNAMKO sli\u0161ijo. Razvijamo in dosegamo visoko raven va\u0161e prepoznavnosti in popolnosti. Tukaj smo samo zato, da bi pridobili zvestobo va\u0161ih strank va\u0161emu podjetju. To je zvok popolne zgodbe. URESNI\u010cUJEMO VA\u0160E SANJE!<\/p>\n\n\n<a id=\"show-more\" class=\"bounce\"><span class=\"wow animated  fadeIn delay-1.75s\"  data-wow-delay=\"1.75s\"><img decoding=\"async\" src=\"https:\/\/www.zebra.expert\/sl\/wp-content\/themes\/zebra-expert\/images\/noun_down_chevron.svg\"><\/span><\/a>\n\n\n<\/div><\/div><!--1-->\n\n\n\n\n\n\n\n\n<!--1-->\n<div class=\"col-md-4\">\n<div class=\"service-item\">\n<div class=\"wow animated  fadeInDown\"><div class=\"rotate-text\">02<\/div><\/div>\n<h4 class=\" wow animated  fadeInUp\" data-wow-delay=\".75s\">ZEBRA<sup>\u00ae<\/sup> Kreatorji<\/h4>\n<p  class=\"phide1 wow animated  fadeInUp\" data-wow-delay=\"1.25s\">Za vas ustvarjamo nove stvari, da vam pomagamo k uspe\u0161ni prihodnosti. Za vas kreiramo zvoke, blagovne znamke, dizajne in funkcionalnosti. Pomagamo vam pove\u010dati prodajo.<\/p>\n\n\n<a id=\"show-more1\" class=\"bounce\"><span class=\"wow animated  fadeIn delay-1.75s\"  data-wow-delay=\"1.75s\"><img decoding=\"async\" src=\"https:\/\/www.zebra.expert\/sl\/wp-content\/themes\/zebra-expert\/images\/noun_down_chevron.svg\"><\/span><\/a>\n<\/div><\/div><!--1-->\n\n<!--1-->\n<div class=\"col-md-4\">\n<div class=\"service-item\">\n<div class=\"wow animated  fadeInDown\"><div class=\"rotate-text\">03<\/div><\/div>\n<h4 class=\" wow animated  fadeInUp\" data-wow-delay=\".75s\">ZEBRA<sup>\u00ae<\/sup> Oblikovalci<\/h4>\n<p  class=\"phide2 wow animated  fadeInUp\" data-wow-delay=\"1.25s\">Va\u0161 dizajn se lahko nasmehne ali smeji. Lahko je resen ali pa se sprosti. Va\u0161 dizajn zlahka leti.<\/p>\n\n\n<!--\n<a id=\"show-more2\" class=\"bounce\"><span class=\"wow animated  fadeIn delay-1.75s\"  data-wow-delay=\"1.75s\"><img decoding=\"async\" src=\"https:\/\/www.zebra.expert\/sl\/wp-content\/themes\/zebra-expert\/images\/noun_down_chevron.svg\"><\/span><\/a>\n-->\n<\/div><\/div><!--1-->\n\n<!--1-->\n<div class=\"col-md-4\">\n<div class=\"service-item\">\n<div class=\"wow animated  fadeInDown\"><div class=\"rotate-text\">04<\/div><\/div>\n<h4 class=\" wow animated  fadeInUp\" data-wow-delay=\"0.75s\">ZEBRA<sup>\u00ae<\/sup> Spletne in Mobilne Aplikacije<\/h4>\n<p class=\" wow animated  fadeInUp\" data-wow-delay=\"1.25s\">Smo agilno funkcionalni, hitri in trajnostni. V dobi umetne inteligence smo tu za vas, da vam pomagamo.<\/p>\n<\/div><\/div><!--1-->\n\n<!--1-->\n<div class=\"col-md-4\">\n<div class=\"service-item\">\n<div class=\"wow animated  fadeInDown\"><div class=\"rotate-text\">05<\/div><\/div>\n<h4 class=\" wow animated  fadeInUp\" data-wow-delay=\"0.75s\">ZEBRA<sup>&reg;<\/sup> Za\u0161\u010dita IL<\/h4>\n<p  class=\"phide3 wow animated  fadeInUp\" data-wow-delay=\"1.25s\">Spodbujamo razvoj avtorskih pravic, pravic industrijske lastnine in drugih pravic, ki izhajajo iz ustvarjalne dejavnosti \u010dloveka. Ustvarjamo, \u0161\u010ditimo in vzdr\u017eujemo pravice intelektualne lastnine (zvoke, blagovne znamke, industrijske modele in patente\u2026) v Sloveniji in v svetu. Nudimo celovit in strate\u0161ki pristop k intelektualni lastnini sodobnega \u010dasa, tako korporacijam kot tudi posameznikom. Ambiciozno se lotevamo vsakodnevnih nalog. Na\u0161 cilj sta osve\u0161\u010danje o pomenu intelektualne lastnine in njena za\u0161\u010dita.<\/p>\n\n\n<a id=\"show-more3\" class=\"bounce\"><span class=\"wow animated  fadeIn delay-1.75s\"  data-wow-delay=\"1.75s\"><img decoding=\"async\" src=\"https:\/\/www.zebra.expert\/sl\/wp-content\/themes\/zebra-expert\/images\/noun_down_chevron.svg\"><\/span><\/a>\n<\/div><\/div><!--1-->\n\n<!--1-->\n<div class=\"col-md-4\">\n<div class=\"service-item\">\n<div class=\"wow animated  fadeInDown\"><div class=\"rotate-text\">06<\/div><\/div>\n<h4 class=\" wow animated  fadeInUp\" data-wow-delay=\"0.75s\">ZEBRA<sup>\u00ae<\/sup> Marketing<\/h4>\n<p class=\" wow animated  fadeInUp\" data-wow-delay=\"1.25s\">Smo dinami\u010dni, u\u010dinkoviti in trajnostni. Smo ZEBRA<sup>\u00ae<\/sup> marketing!<\/p>\n<\/div><\/div><!--1-->\n\n\n\n\n\n<\/div>\n\n<!--More-->\n<div class=\"col-md-12\">\n<div class=\"hidetxt\"><div class=\"hdg2\">\n<div class=\"flex\" style=\"margin:0 0 0 28px !important\"><span class=\"bttn-dark2 readmore-jump2\" style=\"width:240px;\"><a href=\"https:\/\/www.zebra.expert\/sl\/services\/\">Preberi ve\u010d<\/a><\/span><\/div>\n<\/div><\/div>\n\n<\/div><!--More end-->\n\n<\/div><\/div><\/div>\n<\/div><\/div><\/div><\/div>\n<!--second-sec-->\n<div class=\"clearfix\"><\/div>\n\n\n<!-- here is 2 block of white together with white background-->\n","protected":false},"excerpt":{"rendered":"<p>Ena Vizija Ena&nbsp;Misija\u2122 &nbsp; Skupaj Najbolj\u0161i! Pomaknite navzdol O Nas Preberi ve\u010d Mi smo ZEBRA\u00ae! Tukaj smo za vas. Sedaj za va\u0161o prihodnost. Mi smo ZEBRA\u00ae Strokovnjaki! Mi smo ekipa strokovnjakov, da vam pomagamo ustvariti edinstveno uporabni\u0161ko izku\u0161njo za vas in za va\u0161e stranke. Mi smo ZEBRA\u00ae Kreatorji! Mi ustvarjamo zvoke, blagovne znamke, industrijske dizajne [&hellip;]<\/p>\n","protected":false},"author":1,"featured_media":0,"parent":0,"menu_order":0,"comment_status":"closed","ping_status":"closed","template":"home.php","meta":{"footnotes":""},"class_list":["post-82","page","type-page","status-publish","hentry"],"yoast_head":"<!-- This site is optimized with the Yoast SEO plugin v26.1.1 - https:\/\/yoast.com\/wordpress\/plugins\/seo\/ -->\n<title>Home - Zebra Strokovnjak<\/title>\n<meta name=\"robots\" content=\"index, follow, max-snippet:-1, max-image-preview:large, max-video-preview:-1\" \/>\n<link rel=\"canonical\" href=\"https:\/\/www.zebra.expert\/sl\/\" \/>\n<meta property=\"og:locale\" content=\"sl_SI\" \/>\n<meta property=\"og:type\" content=\"article\" \/>\n<meta property=\"og:title\" content=\"Home - Zebra Strokovnjak\" \/>\n<meta property=\"og:description\" content=\"Ena Vizija Ena&nbsp;Misija\u2122 &nbsp; Skupaj Najbolj\u0161i! Pomaknite navzdol O Nas Preberi ve\u010d Mi smo ZEBRA\u00ae! Tukaj smo za vas. Sedaj za va\u0161o prihodnost. Mi smo ZEBRA\u00ae Strokovnjaki! Mi smo ekipa strokovnjakov, da vam pomagamo ustvariti edinstveno uporabni\u0161ko izku\u0161njo za vas in za va\u0161e stranke. Mi smo ZEBRA\u00ae Kreatorji! Mi ustvarjamo zvoke, blagovne znamke, industrijske dizajne [&hellip;]\" \/>\n<meta property=\"og:url\" content=\"https:\/\/www.zebra.expert\/sl\/\" \/>\n<meta property=\"og:site_name\" content=\"Zebra Strokovnjak\" \/>\n<meta property=\"article:modified_time\" content=\"2019-07-29T10:19:04+00:00\" \/>\n<meta property=\"og:image\" content=\"https:\/\/www.zebra.expert\/sl\/wp-content\/themes\/zebra-expert\/images\/noun_down_chevron.svg\" \/>\n<meta name=\"twitter:card\" content=\"summary_large_image\" \/>\n<meta name=\"twitter:label1\" content=\"Est. reading time\" \/>\n\t<meta name=\"twitter:data1\" content=\"2 minuti\" \/>\n<script type=\"application\/ld+json\" class=\"yoast-schema-graph\">{\"@context\":\"https:\/\/schema.org\",\"@graph\":[{\"@type\":\"WebPage\",\"@id\":\"https:\/\/www.zebra.expert\/sl\/\",\"url\":\"https:\/\/www.zebra.expert\/sl\/\",\"name\":\"Home - Zebra Strokovnjak\",\"isPartOf\":{\"@id\":\"https:\/\/www.zebra.expert\/sl\/#website\"},\"primaryImageOfPage\":{\"@id\":\"https:\/\/www.zebra.expert\/sl\/#primaryimage\"},\"image\":{\"@id\":\"https:\/\/www.zebra.expert\/sl\/#primaryimage\"},\"thumbnailUrl\":\"https:\/\/www.zebra.expert\/sl\/wp-content\/themes\/zebra-expert\/images\/noun_down_chevron.svg\",\"datePublished\":\"2019-01-26T12:58:39+00:00\",\"dateModified\":\"2019-07-29T10:19:04+00:00\",\"breadcrumb\":{\"@id\":\"https:\/\/www.zebra.expert\/sl\/#breadcrumb\"},\"inLanguage\":\"sl-SI\",\"potentialAction\":[{\"@type\":\"ReadAction\",\"target\":[\"https:\/\/www.zebra.expert\/sl\/\"]}]},{\"@type\":\"ImageObject\",\"inLanguage\":\"sl-SI\",\"@id\":\"https:\/\/www.zebra.expert\/sl\/#primaryimage\",\"url\":\"https:\/\/www.zebra.expert\/sl\/wp-content\/themes\/zebra-expert\/images\/noun_down_chevron.svg\",\"contentUrl\":\"https:\/\/www.zebra.expert\/sl\/wp-content\/themes\/zebra-expert\/images\/noun_down_chevron.svg\"},{\"@type\":\"BreadcrumbList\",\"@id\":\"https:\/\/www.zebra.expert\/sl\/#breadcrumb\",\"itemListElement\":[{\"@type\":\"ListItem\",\"position\":1,\"name\":\"Home\",\"item\":\"https:\/\/www.zebra.expert\/sl\/\"},{\"@type\":\"ListItem\",\"position\":2,\"name\":\"Home\"}]},{\"@type\":\"WebSite\",\"@id\":\"https:\/\/www.zebra.expert\/sl\/#website\",\"url\":\"https:\/\/www.zebra.expert\/sl\/\",\"name\":\"Zebra Strokovnjak\",\"description\":\"Ena Vizija Ena Misija - Skupaj Najbolj\u0161i!\",\"potentialAction\":[{\"@type\":\"SearchAction\",\"target\":{\"@type\":\"EntryPoint\",\"urlTemplate\":\"https:\/\/www.zebra.expert\/sl\/?s={search_term_string}\"},\"query-input\":{\"@type\":\"PropertyValueSpecification\",\"valueRequired\":true,\"valueName\":\"search_term_string\"}}],\"inLanguage\":\"sl-SI\"}]}<\/script>\n<!-- \/ Yoast SEO plugin. -->","yoast_head_json":{"title":"Home - Zebra Strokovnjak","robots":{"index":"index","follow":"follow","max-snippet":"max-snippet:-1","max-image-preview":"max-image-preview:large","max-video-preview":"max-video-preview:-1"},"canonical":"https:\/\/www.zebra.expert\/sl\/","og_locale":"sl_SI","og_type":"article","og_title":"Home - Zebra Strokovnjak","og_description":"Ena Vizija Ena&nbsp;Misija\u2122 &nbsp; Skupaj Najbolj\u0161i! Pomaknite navzdol O Nas Preberi ve\u010d Mi smo ZEBRA\u00ae! Tukaj smo za vas. Sedaj za va\u0161o prihodnost. Mi smo ZEBRA\u00ae Strokovnjaki! Mi smo ekipa strokovnjakov, da vam pomagamo ustvariti edinstveno uporabni\u0161ko izku\u0161njo za vas in za va\u0161e stranke. Mi smo ZEBRA\u00ae Kreatorji! Mi ustvarjamo zvoke, blagovne znamke, industrijske dizajne [&hellip;]","og_url":"https:\/\/www.zebra.expert\/sl\/","og_site_name":"Zebra Strokovnjak","article_modified_time":"2019-07-29T10:19:04+00:00","og_image":[{"url":"https:\/\/www.zebra.expert\/sl\/wp-content\/themes\/zebra-expert\/images\/noun_down_chevron.svg","type":"","width":"","height":""}],"twitter_card":"summary_large_image","twitter_misc":{"Est. reading time":"2 minuti"},"schema":{"@context":"https:\/\/schema.org","@graph":[{"@type":"WebPage","@id":"https:\/\/www.zebra.expert\/sl\/","url":"https:\/\/www.zebra.expert\/sl\/","name":"Home - Zebra Strokovnjak","isPartOf":{"@id":"https:\/\/www.zebra.expert\/sl\/#website"},"primaryImageOfPage":{"@id":"https:\/\/www.zebra.expert\/sl\/#primaryimage"},"image":{"@id":"https:\/\/www.zebra.expert\/sl\/#primaryimage"},"thumbnailUrl":"https:\/\/www.zebra.expert\/sl\/wp-content\/themes\/zebra-expert\/images\/noun_down_chevron.svg","datePublished":"2019-01-26T12:58:39+00:00","dateModified":"2019-07-29T10:19:04+00:00","breadcrumb":{"@id":"https:\/\/www.zebra.expert\/sl\/#breadcrumb"},"inLanguage":"sl-SI","potentialAction":[{"@type":"ReadAction","target":["https:\/\/www.zebra.expert\/sl\/"]}]},{"@type":"ImageObject","inLanguage":"sl-SI","@id":"https:\/\/www.zebra.expert\/sl\/#primaryimage","url":"https:\/\/www.zebra.expert\/sl\/wp-content\/themes\/zebra-expert\/images\/noun_down_chevron.svg","contentUrl":"https:\/\/www.zebra.expert\/sl\/wp-content\/themes\/zebra-expert\/images\/noun_down_chevron.svg"},{"@type":"BreadcrumbList","@id":"https:\/\/www.zebra.expert\/sl\/#breadcrumb","itemListElement":[{"@type":"ListItem","position":1,"name":"Home","item":"https:\/\/www.zebra.expert\/sl\/"},{"@type":"ListItem","position":2,"name":"Home"}]},{"@type":"WebSite","@id":"https:\/\/www.zebra.expert\/sl\/#website","url":"https:\/\/www.zebra.expert\/sl\/","name":"Zebra Strokovnjak","description":"Ena Vizija Ena Misija - Skupaj Najbolj\u0161i!","potentialAction":[{"@type":"SearchAction","target":{"@type":"EntryPoint","urlTemplate":"https:\/\/www.zebra.expert\/sl\/?s={search_term_string}"},"query-input":{"@type":"PropertyValueSpecification","valueRequired":true,"valueName":"search_term_string"}}],"inLanguage":"sl-SI"}]}},"_links":{"self":[{"href":"https:\/\/www.zebra.expert\/sl\/wp-json\/wp\/v2\/pages\/82","targetHints":{"allow":["GET"]}}],"collection":[{"href":"https:\/\/www.zebra.expert\/sl\/wp-json\/wp\/v2\/pages"}],"about":[{"href":"https:\/\/www.zebra.expert\/sl\/wp-json\/wp\/v2\/types\/page"}],"author":[{"embeddable":true,"href":"https:\/\/www.zebra.expert\/sl\/wp-json\/wp\/v2\/users\/1"}],"replies":[{"embeddable":true,"href":"https:\/\/www.zebra.expert\/sl\/wp-json\/wp\/v2\/comments?post=82"}],"version-history":[{"count":0,"href":"https:\/\/www.zebra.expert\/sl\/wp-json\/wp\/v2\/pages\/82\/revisions"}],"wp:attachment":[{"href":"https:\/\/www.zebra.expert\/sl\/wp-json\/wp\/v2\/media?parent=82"}],"curies":[{"name":"wp","href":"https:\/\/api.w.org\/{rel}","templated":true}]}}