{"id":621,"date":"2019-04-27T12:27:24","date_gmt":"2019-04-27T12:27:24","guid":{"rendered":"https:\/\/www.zebra.expert\/sl\/?page_id=621"},"modified":"2019-05-23T10:38:59","modified_gmt":"2019-05-23T10:38:59","slug":"cookie-notice","status":"publish","type":"page","link":"https:\/\/www.zebra.expert\/sl\/cookie-notice\/","title":{"rendered":"Cookie Notice"},"content":{"rendered":"\n<!-- Page Content -->\n<div id=\"page-content\" class=\"light-content\" data-bgcolor=\"#111\" data-textcolor=\"#fff\">\n        \n        \n<!-- Main -->\n<div id=\"main\">        \n\t\t\t<!-- Hero Section -->\n            <div id=\"hero\">\n                <div id=\"hero-styles\" class=\"parallax-onscroll opacity-onscroll\">\n                    <div id=\"hero-caption\">\n                        <div class=\"inner\">\n\n<div class=\"hero-title size-px\" style=\"max-width: 100%\">Obvestilo o pi\u0161kotkih<\/div> \n\n\n                                                   \n<br><br>\n<div class=\"wow animated  fadeInUp delay-0.75s\" data-wow-delay=\"0.75s\">\n<h5>S tehnologijo pi\u0161kotkov (cookies) vam omogo\u010damo kar najbolj\u0161e do\u017eivetje na\u0161e spletne strani ZEBRA<sup>\u00ae<\/sup>.EXPERT. Podatki pridobljeni preko pi\u0161kotkov so anonimni. Prosimo ozna\u010dite ali se strinjate z uporabo te tehnologije.<\/h5><\/div>\n\n<br>\n<h5>\n<div class=\"agreetab\">\n<a href=\"\">Se strinjam<\/a> \/  \n<a href=\"\">Se ne strinjam<\/a><\/div>\n<\/h5>\n<br>\n\n\n                        <\/div>\n                    <\/div>\n                <\/div>\n            <\/div>            \n            <div id=\"hero-height\" class=\"hidden\"><\/div>\n            <!--\/Hero Section -->\n        \n<!-- Main Content -->\n<div id=\"main-content\">                \n                \n                \n<!-- Row -->\n<div class=\"vc_row full row_padding_top row_padding_bottom\" style=\"padding-bottom: 0px; padding-top:0px\">\n<div class=\"container\">\n                        \n\n\n<div class=\"fulltext\">\n<!--Cookies_css--><div class=\"cookie_css\">\n\n<h4 class=\"title-has-line\">O Pi\u0161kotkih<\/h4>\n<div class=\"cks_head3\">Kaj so pi\u0161kotki?<\/div>\n<p>Pi\u0161kotki so male besedilne datoteke, ki jih ve\u010dina spletnih mest shrani v naprave uporabnikov s katerimi dostopajo do interneta z namenom prepoznavanja posameznih naprav, ki so jih uporabniki uporabili pri dostopu. Njihovo shranjevanje je pod popolnim nadzorom brskalnika, ki ga uporablja uporabnik &#8211; ta lahko shranjevanje pi\u0161kotkov po \u017eelji omeji ali onemogo\u010di.<\/p>\n\n<div class=\"cks_head3\">Zakaj so pi\u0161kotki potrebni?<\/div>\n<p>Pi\u0161kotki so temeljnega pomena za zagotavljanje uporabniku prijaznih spletnih storitev. Najpogostej\u0161e funkcije e-poslovanja ne bi bile mogo\u010de brez pi\u0161kotkov.<\/p>\n<p>Interakcija med spletnim uporabnikom in spletno stranjo je s pomo\u010djo pi\u0161kotkov hitrej\u0161a in enostavnej\u0161a. Z njihovo pomo\u010djo si spletna stran zapomni posameznikove preference in izku\u0161nje, s tem je prihranjen \u010das, brskanje po spletnih straneh pa je s tem bolj u\u010dinkovito in prijetno.<\/p>\n\n<div class=\"cks_head3\">Zakaj spletne strani uporabljajo pi\u0161kotke?<\/div>\n<p>Pi\u0161kotke uporablja ve\u010dina spletnih strani, so priro\u010dno sredstvo za ohranjanje sve\u017ee in primerne vsebine, ki je v skladu z interesi in preferencami posameznega spletnega uporabnika. Razlogov za uporabo pi\u0161kotkov je tako ve\u010d, kot prvi gotovo njihova lastnost shranjevanja podatkov o stanju posamezne spletne strani (podrobnosti o prilagoditvah posamezne spletne strani), pomagajo pri izvajanju raznih spletnih storitev (spletne trgovine), pomagajo pri zbiranju raznih statistik, o navadah spletnega uporabnika \u2013 saj se le z njimi lahko spremlja pogostost obiskovanja dolo\u010dene spletne strani.<\/p>\n<p>Podjetja lahko s pomo\u010djo pi\u0161kotkov ocenijo u\u010dinkovitost zasnove svojih spletnih strani, kot tudi ustreznost vrste in \u0161tevila oglasov, ki jih ponujajo uporabnikom na svojih spletnih straneh.<\/p>\n\n\n<table border=\"0\" cellspacing=\"0\" cellpadding=\"0\" align=\"left\" class=\"atb\">\n  <tr><td colspan=\"4\" class=\"title2nd\">Seznam pi\u0161kotkov, uporabljenih na tej strani<\/td><\/tr>\n  <tr>\n <th>Ime pi\u0161kotka<\/th>\n <th>Namen uporabe pi\u0161kotka<\/th>\n <th>Trajanje<\/th>\n <th>Storitev<\/th>\n  <\/tr>\n  <tr>\n <td>WP Rocket<\/td>\n <td>Brskalnika predpomnilnik in pi\u0161kotki v WP Rocket. \u010ce ste uporabnik WP Rocket, vam WP Rocket ponuja na\u010dine za delo z brskalnikom in pi\u0161kotki na va\u0161em WordPress mestu. Prvi\u010d, kot ste se nau\u010dili zgoraj, WP Rocket samodejno aktivira predpomnjenje brskalnika takoj, ko aktivirate vti\u010dnik.<\/td>\n <td>Seja<\/td>\n <td>zebra.expert<\/td>\n  <\/tr>\n<\/table>\n\n\n<p>Prilagodite dovoljenja pi\u0161kotkov<br>\n\u00a9 Copyright 2009 &#8211; 2019 &#8211; KETNER d.o.o.<br>\nKETNER, pravno svetovanje, zastopstvo in za\u0161\u010dita, d.o.o.<\/p>\n\n<p>Vse pravice pridr\u017eane \u2013 <a href=\"https:\/\/www.zebra.expert\/sl\/wp-content\/themes\/zebra-expert\/images\/Legal-Notice.pdf\" target=\"_blank\" rel=\"noopener noreferrer\">Pravno obvestilo<\/a><br>\nVir: spletna stran KETNER d.o.o. &#8211; <a href=\"https:\/\/www.zascita.si\/o-piskotkih?lang=2&#038;play=1\" target=\"_blank\" rel=\"noopener noreferrer\">https:\/\/www.zascita.si\/o-piskotkih?lang=2&#038;play=1 <\/a><\/p>\n\n\n\n<\/div><!--Cookies_css-->\n<\/div>\n                       \n\n                            \n<\/div><\/div>\n<!--\/Row -->\n\n<!-- Row -->\n<\/div>         \n                        \n \n            <!--\/Main Content -->\n\n        <\/div>\n        <!--\/Main -->       \n        \n\n \n        \n \n    <\/div>    \n    <!--\/Page Content -->\n","protected":false},"excerpt":{"rendered":"<p>Obvestilo o pi\u0161kotkih S tehnologijo pi\u0161kotkov (cookies) vam omogo\u010damo kar najbolj\u0161e do\u017eivetje na\u0161e spletne strani ZEBRA\u00ae.EXPERT. Podatki pridobljeni preko pi\u0161kotkov so anonimni. Prosimo ozna\u010dite ali se strinjate z uporabo te tehnologije. Se strinjam \/ Se ne strinjam O Pi\u0161kotkih Kaj so pi\u0161kotki? Pi\u0161kotki so male besedilne datoteke, ki jih ve\u010dina spletnih mest shrani v naprave [&hellip;]<\/p>\n","protected":false},"author":1,"featured_media":0,"parent":0,"menu_order":0,"comment_status":"closed","ping_status":"closed","template":"about.php","meta":{"footnotes":""},"class_list":["post-621","page","type-page","status-publish","hentry"],"yoast_head":"<!-- This site is optimized with the Yoast SEO plugin v26.1.1 - https:\/\/yoast.com\/wordpress\/plugins\/seo\/ -->\n<title>Cookie Notice - Zebra Strokovnjak<\/title>\n<meta name=\"robots\" content=\"index, follow, max-snippet:-1, max-image-preview:large, max-video-preview:-1\" \/>\n<link rel=\"canonical\" href=\"https:\/\/www.zebra.expert\/sl\/cookie-notice\/\" \/>\n<meta property=\"og:locale\" content=\"sl_SI\" \/>\n<meta property=\"og:type\" content=\"article\" \/>\n<meta property=\"og:title\" content=\"Cookie Notice - Zebra Strokovnjak\" \/>\n<meta property=\"og:description\" content=\"Obvestilo o pi\u0161kotkih S tehnologijo pi\u0161kotkov (cookies) vam omogo\u010damo kar najbolj\u0161e do\u017eivetje na\u0161e spletne strani ZEBRA\u00ae.EXPERT. Podatki pridobljeni preko pi\u0161kotkov so anonimni. Prosimo ozna\u010dite ali se strinjate z uporabo te tehnologije. Se strinjam \/ Se ne strinjam O Pi\u0161kotkih Kaj so pi\u0161kotki? Pi\u0161kotki so male besedilne datoteke, ki jih ve\u010dina spletnih mest shrani v naprave [&hellip;]\" \/>\n<meta property=\"og:url\" content=\"https:\/\/www.zebra.expert\/sl\/cookie-notice\/\" \/>\n<meta property=\"og:site_name\" content=\"Zebra Strokovnjak\" \/>\n<meta property=\"article:modified_time\" content=\"2019-05-23T10:38:59+00:00\" \/>\n<meta name=\"twitter:card\" content=\"summary_large_image\" \/>\n<meta name=\"twitter:label1\" content=\"Est. reading time\" \/>\n\t<meta name=\"twitter:data1\" content=\"2 minuti\" \/>\n<script type=\"application\/ld+json\" class=\"yoast-schema-graph\">{\"@context\":\"https:\/\/schema.org\",\"@graph\":[{\"@type\":\"WebPage\",\"@id\":\"https:\/\/www.zebra.expert\/sl\/cookie-notice\/\",\"url\":\"https:\/\/www.zebra.expert\/sl\/cookie-notice\/\",\"name\":\"Cookie Notice - Zebra Strokovnjak\",\"isPartOf\":{\"@id\":\"https:\/\/www.zebra.expert\/sl\/#website\"},\"datePublished\":\"2019-04-27T12:27:24+00:00\",\"dateModified\":\"2019-05-23T10:38:59+00:00\",\"breadcrumb\":{\"@id\":\"https:\/\/www.zebra.expert\/sl\/cookie-notice\/#breadcrumb\"},\"inLanguage\":\"sl-SI\",\"potentialAction\":[{\"@type\":\"ReadAction\",\"target\":[\"https:\/\/www.zebra.expert\/sl\/cookie-notice\/\"]}]},{\"@type\":\"BreadcrumbList\",\"@id\":\"https:\/\/www.zebra.expert\/sl\/cookie-notice\/#breadcrumb\",\"itemListElement\":[{\"@type\":\"ListItem\",\"position\":1,\"name\":\"Home\",\"item\":\"https:\/\/www.zebra.expert\/sl\/\"},{\"@type\":\"ListItem\",\"position\":2,\"name\":\"Cookie Notice\"}]},{\"@type\":\"WebSite\",\"@id\":\"https:\/\/www.zebra.expert\/sl\/#website\",\"url\":\"https:\/\/www.zebra.expert\/sl\/\",\"name\":\"Zebra Strokovnjak\",\"description\":\"Ena Vizija Ena Misija - Skupaj Najbolj\u0161i!\",\"potentialAction\":[{\"@type\":\"SearchAction\",\"target\":{\"@type\":\"EntryPoint\",\"urlTemplate\":\"https:\/\/www.zebra.expert\/sl\/?s={search_term_string}\"},\"query-input\":{\"@type\":\"PropertyValueSpecification\",\"valueRequired\":true,\"valueName\":\"search_term_string\"}}],\"inLanguage\":\"sl-SI\"}]}<\/script>\n<!-- \/ Yoast SEO plugin. -->","yoast_head_json":{"title":"Cookie Notice - Zebra Strokovnjak","robots":{"index":"index","follow":"follow","max-snippet":"max-snippet:-1","max-image-preview":"max-image-preview:large","max-video-preview":"max-video-preview:-1"},"canonical":"https:\/\/www.zebra.expert\/sl\/cookie-notice\/","og_locale":"sl_SI","og_type":"article","og_title":"Cookie Notice - Zebra Strokovnjak","og_description":"Obvestilo o pi\u0161kotkih S tehnologijo pi\u0161kotkov (cookies) vam omogo\u010damo kar najbolj\u0161e do\u017eivetje na\u0161e spletne strani ZEBRA\u00ae.EXPERT. Podatki pridobljeni preko pi\u0161kotkov so anonimni. Prosimo ozna\u010dite ali se strinjate z uporabo te tehnologije. Se strinjam \/ Se ne strinjam O Pi\u0161kotkih Kaj so pi\u0161kotki? Pi\u0161kotki so male besedilne datoteke, ki jih ve\u010dina spletnih mest shrani v naprave [&hellip;]","og_url":"https:\/\/www.zebra.expert\/sl\/cookie-notice\/","og_site_name":"Zebra Strokovnjak","article_modified_time":"2019-05-23T10:38:59+00:00","twitter_card":"summary_large_image","twitter_misc":{"Est. reading time":"2 minuti"},"schema":{"@context":"https:\/\/schema.org","@graph":[{"@type":"WebPage","@id":"https:\/\/www.zebra.expert\/sl\/cookie-notice\/","url":"https:\/\/www.zebra.expert\/sl\/cookie-notice\/","name":"Cookie Notice - Zebra Strokovnjak","isPartOf":{"@id":"https:\/\/www.zebra.expert\/sl\/#website"},"datePublished":"2019-04-27T12:27:24+00:00","dateModified":"2019-05-23T10:38:59+00:00","breadcrumb":{"@id":"https:\/\/www.zebra.expert\/sl\/cookie-notice\/#breadcrumb"},"inLanguage":"sl-SI","potentialAction":[{"@type":"ReadAction","target":["https:\/\/www.zebra.expert\/sl\/cookie-notice\/"]}]},{"@type":"BreadcrumbList","@id":"https:\/\/www.zebra.expert\/sl\/cookie-notice\/#breadcrumb","itemListElement":[{"@type":"ListItem","position":1,"name":"Home","item":"https:\/\/www.zebra.expert\/sl\/"},{"@type":"ListItem","position":2,"name":"Cookie Notice"}]},{"@type":"WebSite","@id":"https:\/\/www.zebra.expert\/sl\/#website","url":"https:\/\/www.zebra.expert\/sl\/","name":"Zebra Strokovnjak","description":"Ena Vizija Ena Misija - Skupaj Najbolj\u0161i!","potentialAction":[{"@type":"SearchAction","target":{"@type":"EntryPoint","urlTemplate":"https:\/\/www.zebra.expert\/sl\/?s={search_term_string}"},"query-input":{"@type":"PropertyValueSpecification","valueRequired":true,"valueName":"search_term_string"}}],"inLanguage":"sl-SI"}]}},"_links":{"self":[{"href":"https:\/\/www.zebra.expert\/sl\/wp-json\/wp\/v2\/pages\/621","targetHints":{"allow":["GET"]}}],"collection":[{"href":"https:\/\/www.zebra.expert\/sl\/wp-json\/wp\/v2\/pages"}],"about":[{"href":"https:\/\/www.zebra.expert\/sl\/wp-json\/wp\/v2\/types\/page"}],"author":[{"embeddable":true,"href":"https:\/\/www.zebra.expert\/sl\/wp-json\/wp\/v2\/users\/1"}],"replies":[{"embeddable":true,"href":"https:\/\/www.zebra.expert\/sl\/wp-json\/wp\/v2\/comments?post=621"}],"version-history":[{"count":0,"href":"https:\/\/www.zebra.expert\/sl\/wp-json\/wp\/v2\/pages\/621\/revisions"}],"wp:attachment":[{"href":"https:\/\/www.zebra.expert\/sl\/wp-json\/wp\/v2\/media?parent=621"}],"curies":[{"name":"wp","href":"https:\/\/api.w.org\/{rel}","templated":true}]}}