{"id":22,"date":"2018-12-28T18:05:20","date_gmt":"2018-12-28T18:05:20","guid":{"rendered":"https:\/\/www.zebra.expert\/sl\/?page_id=22"},"modified":"2019-07-29T10:29:12","modified_gmt":"2019-07-29T10:29:12","slug":"services","status":"publish","type":"page","link":"https:\/\/www.zebra.expert\/sl\/services\/","title":{"rendered":"Services"},"content":{"rendered":"\n<!-- Page Content -->\n<div id=\"page-content\" class=\"light-content\" data-bgcolor=\"#111\" data-textcolor=\"#fff\" style=\"background-color:rgba(17,17,17,1)\">\n\n    \n        <!-- Header -->\n        <!--\/Header -->\n        \n        \n        <!-- Main -->\n        <div id=\"main\">\n            \n            \n            <!-- Hero Section -->\n<div id=\"hero\">\n<div id=\"hero-styles\" class=\"parallax-onscroll opacity-onscroll\">\n<div id=\"hero-caption\">\n<div class=\"inner\">\n<div class=\"hero-title\">Na\u0161e Storitve<\/div>\n<div class=\"wow animated  fadeInUp delay-1.75s\" data-wow-delay=\"1.75s\">\n<p>&nbsp; ZEBRA<sup>\u00ae<\/sup> Storitve znam\u010denja za vse potrebe ugledne dru\u017ebe.<\/p><\/div>                                                \n                        <\/div>\n                    <\/div>\n                <\/div>\n            <\/div>            \n <div id=\"hero-height\" class=\"hidden\"><\/div>\n <!--\/Hero Section -->\n            \n        \n<!-- Main Content -->\n<div id=\"main-content\">                \n                \n                \n<!-- Row -->\n<div class=\"vc_row full  row_padding_bottom\">\n                    \n<div class=\"container\">\n\n<div class=\"width70per fulltext\">\n<h4 class=\"title-has-line\">ZEBRA<sup>\u00ae<\/sup> Kreatorji<\/h4>\n<p>Smo arhitekti prihajajo\u010dih dni. Stremimo k uresni\u010ditvi pravic, ki izhajajo iz ustvarjalnosti posameznikov.<\/p>\n\n<p>Ustvarjamo od zvo\u010dnih, 3D, slikovnih, hologramskih, gibljivih, multimedijskih, vzor\u010dnih in pozicijskih blagovnih znamk, do popolnih spletnih re\u0161itev indigitalnih produktov\/mobilnih aplikacij.<\/p>\n\n<p>Ustvarimo, implementiramo in za\u0161\u010ditimo z namenom impresionirati.<\/p>\n<br><br>\n\n\n<h4 class=\"title-has-line\">ZEBRA<sup>\u00ae<\/sup> Skladatelji<\/h4>\n<p>S fascinantno uporabni\u0161ko izku\u0161njo lahko pove\u010date zadovoljstvo va\u0161ih strank.<\/p>\n<p>S predvajanjem spro\u0161\u010dujo\u010de glasbe ali pa posebnih zvokov v va\u0161em poslovnem prostoru, kot na primer zvok pnevmatik ob uporabi stopalke na plin va\u0161ega avtomobila prihodnosti lahko ustvarite uporabni\u0161ko izku\u0161njo, ki jo va\u0161e stranke ne bodo nikoli pozabile.<\/p>\n<p>Z zvo\u010dno podobo lahko pove\u010datezadovoljstvo va\u0161ih strank z va\u0161imi storitvami ali proizvodi. Ob tem stranke prepri\u010date k ponovitvi nakupa va\u0161ih storitev ali proizvodov in pove\u010date mo\u017enost zanj ter pripomorete h graditvi zaupanja va\u0161ih strank v va\u0161o storitev in va\u0161e podjetje.<\/p>\n<p>Z na\u0161imi dolgoletnimi izku\u0161njami in znanjem na podro\u010dju intelektualne lastnine in na podro\u010dju komponiranja glasbe ter njene za\u0161\u010dite za vas oblikujemo, skomponiramo zvok in hkrati pomagamo za\u0161\u010dititi v Republiki Sloveniji in kjer koli drugod po svetu edinstveno zvo\u010dno blagovno ali storitveno znamko.<\/p>\n<p>Za vas oblikujemo zvo\u010dno in vizualno tr\u017eno podobo, zna\u010dilno za vas, z upo\u0161tevanjem va\u0161ih zahtev, \u017eelja, pri\u010dakovanj in zahtev ter \u017eelja in pri\u010dakovanj va\u0161ih strank.<\/p>\n<br><br>\n\n\n<h4 class=\"title-has-line\">ZEBRA<sup>\u00ae<\/sup> Oblikovalci<\/h4>                          \n<p>Vizualna osebnost je zelo pomembna. Dovolite nam, da raz\u0161irimo va\u0161e poslovanje preko va\u0161ega navdiha.<\/p>\n<p>Za vas ustvarimo zvok, logotip, blagovno znamko, oblikujemo va\u0161o identiteto in va\u0161o spletno stran. Vse to vklju\u010duje na\u010drtovanje in ustvarjanje, ki vklju\u010duje informacijsko infrastrukturo, strukturiranje zvoka in logotipa, uporabni\u0161ke vmesnike, navigacijsko ergonomijo, postavitev spletne strani, barve, kontraste, pisave in posnetke (fotografije) ter oblikovanje ikon.<\/p>\n<p>Na\u0161 odziven dizajn lahko podpira vse ve\u010dje mobilne naprave.<\/p>\n\n<br><br>\n\n\n\n<h4 class=\"title-has-line\">ZEBRA<sup>\u00ae<\/sup> Popolne Spletne Re\u0161itve &amp; Re\u0161itve Mobilnih Aplikacij<\/h4>                          \n<p>Va\u0161 poslovni splet je pomemben za nas. Namen razvojnih storitev po meri je pove\u010danje va\u0161ega dobi\u010dka.<\/p>\n<p>Opremimo vas z uporabnimi razvojnimi re\u0161itvami s katerimi vam zagotovimo zanesljiv, priro\u010den in uporabniku prijazen spletni prostor.<\/p>\n<p>Na\u0161e popolne spletne re\u0161itve vklju\u010dujejo WordPress, CMS, senzibilno spletno oblikovanje, razvoj vti\u010dnikov, izdelavo in podporo spletnih aplikacij itd.<\/p>\n<p>ZEBRA<sup>\u00ae<\/sup> strokovnjaki za izgradnjo va\u0161e funkcionalne spletne strani, ki deluje na vseh platformah, zaupamo modularnemu pristopu in vam lahko pomagamo z integriranimi Android in iOS funkcijami.<\/p>\n\n<br><br>\n<h4 class=\"title-has-line\">ZEBRA<sup>\u00ae<\/sup> Za\u0161\u010dita IL<\/h4>\n<p>Smo slovenska pravna pisarna, patentni zastopnik, zastopnik za modele in blagovne znamke, ki zastopa stranke v Sloveniji in po vsem svetu.<\/p>\n<p>Specializirani smo na podro\u010dju intelektualne in industrijske lastnine, in sicer registraciji blagovnih in storitvenih znamk, modelov in patentov ter zastopanju v postopkih za re\u0161evanje domenskih sporov.<\/p>\n<p>Na\u0161a praksa in izku\u0161nje krijejo svet.<\/p>\n<p>Visoko usposobljeni strokovnjaki stremimo k za\u0161\u010diti, uveljavljanju in ohranjanju pravic intelektualne lastnine.<\/p>\n<p>Za\u0161\u010ditena intelektualna lastnina  imetniku zagotavlja izklju\u010dno pravico do njene uporabe in razpolaganja z njo ter mo\u017enost, da imetnik tretjim osebam prepre\u010di, da bi brez njegovega soglasja na trgu uporabljali podobne znamke, modele, patente ipd.<\/p>\n\n<br><br>\n<h4 class=\"title-has-line\">ZEBRA<sup>\u00ae<\/sup> Marketing<\/h4>\n<p>Seznanjeni smo z vhodno metodologijo, ki nam pomaga pri oblikovanju in razvijanju baze predanih spletnih obiskovalcev.<\/p>\n<p>Za pove\u010danje va\u0161ega poslovanja na spletu in pove\u010danje va\u0161e spletne uvrstitve vam  ponujamo prilagojene re\u0161itve za digitalni marketing.<\/p>\n<p>Opredelimo va\u0161e tr\u017ene potrebe in vam ponudimo prilagojeno integrirano marketin\u0161ko re\u0161itev. To vklju\u010duje ustvarjanje vsebin za spletne strani, svetovanje glede blagovnih znamk, razvoj blagovnih znamk in njihovo ustvarjanje, vzpostavljanje spletnih povezav, SEO, SMM, PPC, spletni ugled in upravljanje blagovnih znamk, medijsko urejanje in nakup, s \u010dimer se odpirajo novi na\u010dini za ustvarjanje va\u0161ih prihodkov.<\/p>\n\n                            \n<br><br>\n<div class=\"wow animated  fadeInUp delay-0.75s\" data-wow-delay=\"0.75s\">\n<a href=\"https:\/\/www.zebra.expert\/sl\/contact-us\/\" class=\"ajax-link link has-animation\" data-delay=\"10\"><span>Pogovoriva se<\/span><\/a><\/div>                        \n\n                            \n\n                            \n\n                        <\/div>                                        \n                        \n                    <\/div>\n                    \n                <\/div>\n                <!--\/Row -->\n            \n                       \n            <\/div>\n            <!--\/Main Content -->\n        <\/div>\n        <!--\/Main -->       \n        \n        \n\n        \n        \n \n    <\/div>    \n    <!--\/Page Content -->\n","protected":false},"excerpt":{"rendered":"<p>Na\u0161e Storitve &nbsp; ZEBRA\u00ae Storitve znam\u010denja za vse potrebe ugledne dru\u017ebe. ZEBRA\u00ae Kreatorji Smo arhitekti prihajajo\u010dih dni. Stremimo k uresni\u010ditvi pravic, ki izhajajo iz ustvarjalnosti posameznikov. Ustvarjamo od zvo\u010dnih, 3D, slikovnih, hologramskih, gibljivih, multimedijskih, vzor\u010dnih in pozicijskih blagovnih znamk, do popolnih spletnih re\u0161itev indigitalnih produktov\/mobilnih aplikacij. Ustvarimo, implementiramo in za\u0161\u010ditimo z namenom impresionirati. ZEBRA\u00ae Skladatelji [&hellip;]<\/p>\n","protected":false},"author":1,"featured_media":0,"parent":0,"menu_order":0,"comment_status":"closed","ping_status":"closed","template":"services.php","meta":{"footnotes":""},"class_list":["post-22","page","type-page","status-publish","hentry"],"yoast_head":"<!-- This site is optimized with the Yoast SEO plugin v26.1.1 - https:\/\/yoast.com\/wordpress\/plugins\/seo\/ -->\n<title>Services - Zebra Strokovnjak<\/title>\n<meta name=\"robots\" content=\"index, follow, max-snippet:-1, max-image-preview:large, max-video-preview:-1\" \/>\n<link rel=\"canonical\" href=\"https:\/\/www.zebra.expert\/sl\/services\/\" \/>\n<meta property=\"og:locale\" content=\"sl_SI\" \/>\n<meta property=\"og:type\" content=\"article\" \/>\n<meta property=\"og:title\" content=\"Services - Zebra Strokovnjak\" \/>\n<meta property=\"og:description\" content=\"Na\u0161e Storitve &nbsp; ZEBRA\u00ae Storitve znam\u010denja za vse potrebe ugledne dru\u017ebe. ZEBRA\u00ae Kreatorji Smo arhitekti prihajajo\u010dih dni. Stremimo k uresni\u010ditvi pravic, ki izhajajo iz ustvarjalnosti posameznikov. Ustvarjamo od zvo\u010dnih, 3D, slikovnih, hologramskih, gibljivih, multimedijskih, vzor\u010dnih in pozicijskih blagovnih znamk, do popolnih spletnih re\u0161itev indigitalnih produktov\/mobilnih aplikacij. Ustvarimo, implementiramo in za\u0161\u010ditimo z namenom impresionirati. ZEBRA\u00ae Skladatelji [&hellip;]\" \/>\n<meta property=\"og:url\" content=\"https:\/\/www.zebra.expert\/sl\/services\/\" \/>\n<meta property=\"og:site_name\" content=\"Zebra Strokovnjak\" \/>\n<meta property=\"article:modified_time\" content=\"2019-07-29T10:29:12+00:00\" \/>\n<meta name=\"twitter:card\" content=\"summary_large_image\" \/>\n<meta name=\"twitter:label1\" content=\"Est. reading time\" \/>\n\t<meta name=\"twitter:data1\" content=\"3 minute\" \/>\n<script type=\"application\/ld+json\" class=\"yoast-schema-graph\">{\"@context\":\"https:\/\/schema.org\",\"@graph\":[{\"@type\":\"WebPage\",\"@id\":\"https:\/\/www.zebra.expert\/sl\/services\/\",\"url\":\"https:\/\/www.zebra.expert\/sl\/services\/\",\"name\":\"Services - Zebra Strokovnjak\",\"isPartOf\":{\"@id\":\"https:\/\/www.zebra.expert\/sl\/#website\"},\"datePublished\":\"2018-12-28T18:05:20+00:00\",\"dateModified\":\"2019-07-29T10:29:12+00:00\",\"breadcrumb\":{\"@id\":\"https:\/\/www.zebra.expert\/sl\/services\/#breadcrumb\"},\"inLanguage\":\"sl-SI\",\"potentialAction\":[{\"@type\":\"ReadAction\",\"target\":[\"https:\/\/www.zebra.expert\/sl\/services\/\"]}]},{\"@type\":\"BreadcrumbList\",\"@id\":\"https:\/\/www.zebra.expert\/sl\/services\/#breadcrumb\",\"itemListElement\":[{\"@type\":\"ListItem\",\"position\":1,\"name\":\"Home\",\"item\":\"https:\/\/www.zebra.expert\/sl\/\"},{\"@type\":\"ListItem\",\"position\":2,\"name\":\"Services\"}]},{\"@type\":\"WebSite\",\"@id\":\"https:\/\/www.zebra.expert\/sl\/#website\",\"url\":\"https:\/\/www.zebra.expert\/sl\/\",\"name\":\"Zebra Strokovnjak\",\"description\":\"Ena Vizija Ena Misija - Skupaj Najbolj\u0161i!\",\"potentialAction\":[{\"@type\":\"SearchAction\",\"target\":{\"@type\":\"EntryPoint\",\"urlTemplate\":\"https:\/\/www.zebra.expert\/sl\/?s={search_term_string}\"},\"query-input\":{\"@type\":\"PropertyValueSpecification\",\"valueRequired\":true,\"valueName\":\"search_term_string\"}}],\"inLanguage\":\"sl-SI\"}]}<\/script>\n<!-- \/ Yoast SEO plugin. -->","yoast_head_json":{"title":"Services - Zebra Strokovnjak","robots":{"index":"index","follow":"follow","max-snippet":"max-snippet:-1","max-image-preview":"max-image-preview:large","max-video-preview":"max-video-preview:-1"},"canonical":"https:\/\/www.zebra.expert\/sl\/services\/","og_locale":"sl_SI","og_type":"article","og_title":"Services - Zebra Strokovnjak","og_description":"Na\u0161e Storitve &nbsp; ZEBRA\u00ae Storitve znam\u010denja za vse potrebe ugledne dru\u017ebe. ZEBRA\u00ae Kreatorji Smo arhitekti prihajajo\u010dih dni. Stremimo k uresni\u010ditvi pravic, ki izhajajo iz ustvarjalnosti posameznikov. Ustvarjamo od zvo\u010dnih, 3D, slikovnih, hologramskih, gibljivih, multimedijskih, vzor\u010dnih in pozicijskih blagovnih znamk, do popolnih spletnih re\u0161itev indigitalnih produktov\/mobilnih aplikacij. Ustvarimo, implementiramo in za\u0161\u010ditimo z namenom impresionirati. ZEBRA\u00ae Skladatelji [&hellip;]","og_url":"https:\/\/www.zebra.expert\/sl\/services\/","og_site_name":"Zebra Strokovnjak","article_modified_time":"2019-07-29T10:29:12+00:00","twitter_card":"summary_large_image","twitter_misc":{"Est. reading time":"3 minute"},"schema":{"@context":"https:\/\/schema.org","@graph":[{"@type":"WebPage","@id":"https:\/\/www.zebra.expert\/sl\/services\/","url":"https:\/\/www.zebra.expert\/sl\/services\/","name":"Services - Zebra Strokovnjak","isPartOf":{"@id":"https:\/\/www.zebra.expert\/sl\/#website"},"datePublished":"2018-12-28T18:05:20+00:00","dateModified":"2019-07-29T10:29:12+00:00","breadcrumb":{"@id":"https:\/\/www.zebra.expert\/sl\/services\/#breadcrumb"},"inLanguage":"sl-SI","potentialAction":[{"@type":"ReadAction","target":["https:\/\/www.zebra.expert\/sl\/services\/"]}]},{"@type":"BreadcrumbList","@id":"https:\/\/www.zebra.expert\/sl\/services\/#breadcrumb","itemListElement":[{"@type":"ListItem","position":1,"name":"Home","item":"https:\/\/www.zebra.expert\/sl\/"},{"@type":"ListItem","position":2,"name":"Services"}]},{"@type":"WebSite","@id":"https:\/\/www.zebra.expert\/sl\/#website","url":"https:\/\/www.zebra.expert\/sl\/","name":"Zebra Strokovnjak","description":"Ena Vizija Ena Misija - Skupaj Najbolj\u0161i!","potentialAction":[{"@type":"SearchAction","target":{"@type":"EntryPoint","urlTemplate":"https:\/\/www.zebra.expert\/sl\/?s={search_term_string}"},"query-input":{"@type":"PropertyValueSpecification","valueRequired":true,"valueName":"search_term_string"}}],"inLanguage":"sl-SI"}]}},"_links":{"self":[{"href":"https:\/\/www.zebra.expert\/sl\/wp-json\/wp\/v2\/pages\/22","targetHints":{"allow":["GET"]}}],"collection":[{"href":"https:\/\/www.zebra.expert\/sl\/wp-json\/wp\/v2\/pages"}],"about":[{"href":"https:\/\/www.zebra.expert\/sl\/wp-json\/wp\/v2\/types\/page"}],"author":[{"embeddable":true,"href":"https:\/\/www.zebra.expert\/sl\/wp-json\/wp\/v2\/users\/1"}],"replies":[{"embeddable":true,"href":"https:\/\/www.zebra.expert\/sl\/wp-json\/wp\/v2\/comments?post=22"}],"version-history":[{"count":0,"href":"https:\/\/www.zebra.expert\/sl\/wp-json\/wp\/v2\/pages\/22\/revisions"}],"wp:attachment":[{"href":"https:\/\/www.zebra.expert\/sl\/wp-json\/wp\/v2\/media?parent=22"}],"curies":[{"name":"wp","href":"https:\/\/api.w.org\/{rel}","templated":true}]}}