{"id":2,"date":"2018-12-28T13:50:02","date_gmt":"2018-12-28T13:50:02","guid":{"rendered":"https:\/\/www.zebra.expert\/sl\/?page_id=2"},"modified":"2019-05-09T10:56:01","modified_gmt":"2019-05-09T10:56:01","slug":"about-us","status":"publish","type":"page","link":"https:\/\/www.zebra.expert\/sl\/about-us\/","title":{"rendered":"About Us"},"content":{"rendered":"\n<!-- Page Content -->\n    <div id=\"page-content\" class=\"light-content\" data-bgcolor=\"#111\" data-textcolor=\"#fff\">\n\n    \n        <!-- Header -->\n        <!--\/Header -->\n        \n        \n        <!-- Main -->\n        <div id=\"main\">\n            \n            \n            <!-- Hero Section -->\n            <div id=\"hero\">\n                <div id=\"hero-styles\" class=\"parallax-onscroll opacity-onscroll\">\n                    <div id=\"hero-caption\">\n                        <div class=\"inner\">\n<br class=\"gaptop\"><br class=\"gaptop\"><br class=\"gaptop\">\n<div class=\"hero-subtitle\" style=\"line-height:1px\">Pospe\u0161imo va\u0161o ustvarjalno inteligenco. Ostanimo napredni in ujemimo \u010das, ki prihaja v vrhunski kakovosti.<\/div>\n\n<div class=\"hero-title size-px\" style=\"max-width: 100%;\">Na\u0161e poslanstvo je zvok popolne zgodbe. Skupaj Najbolj\u0161i! Dobrodo\u0161li na na\u0161i frekvenci!<\/div> \n\n\n                                                   \n<br><br>\n<div class=\"wow animated  fadeInUp delay-0.75s\" data-wow-delay=\"0.75s\">\n<h5>Smo skupina strokovnjakov zbranih za uresni\u010ditev va\u0161e kreativne inteligence in poobla\u0161\u010denih za zastopanje v postopkih za\u0161\u010dite va\u0161e intelektualne lastnine na nacionalnem, mednarodnem in svetovnem nivoju. <\/h5><\/div>\n\n                        <\/div>\n                    <\/div>\n                <\/div>\n            <\/div>            \n            <div id=\"hero-height\" class=\"hidden\"><\/div>\n            <!--\/Hero Section -->\n            \n        \n            <!-- Main Content -->\n            <div id=\"main-content\">                \n                \n                \n<!-- Row -->\n <div class=\"vc_row full row_padding_top row_padding_bottom\"  style=\"    padding-bottom: 30px; padding-top:10px\">\n                    \n                    <div class=\"container\">\n                        \n                        <div class=\"one_half\"><\/div>\n                        \n<div class=\"one_half last\">\n<h4 class=\"title-has-line\">S pisarno s sede\u017eem v Sloveniji vam pomagamo ustvariti va\u0161o trajnostno prihodnost.<\/h4>\n<br><br>\n<div class=\"fulltext\">\n<p>Smo ekipa motiviranih, rasto\u010dih, sodelujo\u010dih strokovnjakov in ustvarjalcev, opremljenih z znanjem o celotni digitalni marketin\u0161ki re\u0161itvi, vklju\u010dno s kreiranjem novih stvari, komponiranjem novih zvokov, fascinantnim dizajniranjem, popolne spletne re\u0161itve &#038; re\u0161itve mobilnih aplikacij, znam\u010denjem, specializiranih za za\u0161\u010dito intelektualne lastnine ter njeno strategijo in implementacijo.<\/p>\n\n<p>V ZEBRA<sup>\u00ae<\/sup> \u017eelimo oblikovati impresivno digitalno izku\u0161njo za vas in va\u0161e uporabnike. Na\u0161a prednostna naloga je vrhunska, uporabniku prijazna in privla\u010dna tehnologija, ki zdru\u017euje medije, s smislom za pravi pristop, da opremimo naro\u010dnika z najbolj\u0161im.<\/p>\n\n<p>Ustvarjamo ni\u0161o s pomo\u010djo zvoka in zvo\u010dne blagovne znamke. Smo ponudnik zdru\u017eenih tr\u017enih storitev s privla\u010dnim barvnim oblikovanjem, digitalnim znam\u010denjem in tr\u017eenjem.<\/p>\n\n<p>Na\u0161 nezapleten proces analize va\u0161ih poslovnih potreb, oblikovanje novih strategij, njihova natan\u010dna postavitev in skrb za njihovo nadgradnjo nam pomaga opredeliti digitalne marketin\u0161ke re\u0161itve.<\/p>\n\n<p>Lahko vam ponudimo re\u0161itev za e-poslovanje in ob\u010dutljivo spletno oblikovanje za pove\u010danje prometa na va\u0161i spletni strani.<\/p>\n\n<p>Izvajamo posodobitve digitalnih orodij za raz\u0161iritev va\u0161e digitalne dimenzije. Pomagamo vam dose\u010di vrh socialne mobilne platforme.<\/p>\n<p><strong style=\"font-weight:700; color:#FFF\">Strmimo k mojstrstvu na\u0161ega ustvarjanja in storitev povezanih z njim.<\/strong><\/p>\n\n<p><strong style=\"font-weight:700; color:#FFF\">Napolnjena z briljantnimi idejami, na\u0161a ekipa dela resno, da zagotovi rast va\u0161ega podjetja in spodbudi in pove\u010da sodelovanje va\u0161ih strank po vsem svetu.<\/strong><\/p>\n<\/div>\n                       \n\n                            \n                        <\/div>                                        \n                        \n                    <\/div>\n                    \n                <\/div>\n                <!--\/Row -->\n\n<!-- Row -->\n<div class=\"container\">\n<h5>Zakaj izbrati nas?<\/h5>\n<br>\n<div class=\"has-animation\" data-delay=\"10\">                            \n<h3>Mi smo izbrali vas in svoje delo, da z vami delimo na\u0161e talente.<\/h3>\n<h3>Na\u0161a pot je pot profesionalnosti, strasti in ljubezni.<\/h3>                        \n<\/div>\n\n<hr><hr>\n                        \n\n<\/div><\/div>         \n                        \n \n            <!--\/Main Content -->\n\n<!-- Row -->\n<div class=\"container\">\n<div class=\"one_half\"><\/div>\n                        \n<div class=\"one_half last\">\n<h4 class=\"title-has-line has-animation\" data-delay=\"10\">Veselimo se va\u0161ega odziva.<\/h4>\n\n<a href=\"https:\/\/www.zebra.expert\/sl\/contact-us\/\" class=\"ajax-link link has-animation\" data-delay=\"10\"><span>Pogovoriva se<\/span><\/a>\n<\/div><\/div>\n<!-- Row --> \n\n        <\/div>\n        <!--\/Main -->       \n        \n\n \n        \n \n    <\/div>    \n    <!--\/Page Content -->\n","protected":false},"excerpt":{"rendered":"<p>Pospe\u0161imo va\u0161o ustvarjalno inteligenco. Ostanimo napredni in ujemimo \u010das, ki prihaja v vrhunski kakovosti. Na\u0161e poslanstvo je zvok popolne zgodbe. Skupaj Najbolj\u0161i! Dobrodo\u0161li na na\u0161i frekvenci! Smo skupina strokovnjakov zbranih za uresni\u010ditev va\u0161e kreativne inteligence in poobla\u0161\u010denih za zastopanje v postopkih za\u0161\u010dite va\u0161e intelektualne lastnine na nacionalnem, mednarodnem in svetovnem nivoju. S pisarno s sede\u017eem [&hellip;]<\/p>\n","protected":false},"author":1,"featured_media":0,"parent":0,"menu_order":0,"comment_status":"closed","ping_status":"closed","template":"about.php","meta":{"footnotes":""},"class_list":["post-2","page","type-page","status-publish","hentry"],"yoast_head":"<!-- This site is optimized with the Yoast SEO plugin v26.1.1 - https:\/\/yoast.com\/wordpress\/plugins\/seo\/ -->\n<title>About Us - Zebra Strokovnjak<\/title>\n<meta name=\"robots\" content=\"index, follow, max-snippet:-1, max-image-preview:large, max-video-preview:-1\" \/>\n<link rel=\"canonical\" href=\"https:\/\/www.zebra.expert\/sl\/about-us\/\" \/>\n<meta property=\"og:locale\" content=\"sl_SI\" \/>\n<meta property=\"og:type\" content=\"article\" \/>\n<meta property=\"og:title\" content=\"About Us - Zebra Strokovnjak\" \/>\n<meta property=\"og:description\" content=\"Pospe\u0161imo va\u0161o ustvarjalno inteligenco. Ostanimo napredni in ujemimo \u010das, ki prihaja v vrhunski kakovosti. Na\u0161e poslanstvo je zvok popolne zgodbe. Skupaj Najbolj\u0161i! Dobrodo\u0161li na na\u0161i frekvenci! Smo skupina strokovnjakov zbranih za uresni\u010ditev va\u0161e kreativne inteligence in poobla\u0161\u010denih za zastopanje v postopkih za\u0161\u010dite va\u0161e intelektualne lastnine na nacionalnem, mednarodnem in svetovnem nivoju. S pisarno s sede\u017eem [&hellip;]\" \/>\n<meta property=\"og:url\" content=\"https:\/\/www.zebra.expert\/sl\/about-us\/\" \/>\n<meta property=\"og:site_name\" content=\"Zebra Strokovnjak\" \/>\n<meta property=\"article:modified_time\" content=\"2019-05-09T10:56:01+00:00\" \/>\n<meta name=\"twitter:card\" content=\"summary_large_image\" \/>\n<meta name=\"twitter:label1\" content=\"Est. reading time\" \/>\n\t<meta name=\"twitter:data1\" content=\"2 minuti\" \/>\n<script type=\"application\/ld+json\" class=\"yoast-schema-graph\">{\"@context\":\"https:\/\/schema.org\",\"@graph\":[{\"@type\":\"WebPage\",\"@id\":\"https:\/\/www.zebra.expert\/sl\/about-us\/\",\"url\":\"https:\/\/www.zebra.expert\/sl\/about-us\/\",\"name\":\"About Us - Zebra Strokovnjak\",\"isPartOf\":{\"@id\":\"https:\/\/www.zebra.expert\/sl\/#website\"},\"datePublished\":\"2018-12-28T13:50:02+00:00\",\"dateModified\":\"2019-05-09T10:56:01+00:00\",\"breadcrumb\":{\"@id\":\"https:\/\/www.zebra.expert\/sl\/about-us\/#breadcrumb\"},\"inLanguage\":\"sl-SI\",\"potentialAction\":[{\"@type\":\"ReadAction\",\"target\":[\"https:\/\/www.zebra.expert\/sl\/about-us\/\"]}]},{\"@type\":\"BreadcrumbList\",\"@id\":\"https:\/\/www.zebra.expert\/sl\/about-us\/#breadcrumb\",\"itemListElement\":[{\"@type\":\"ListItem\",\"position\":1,\"name\":\"Home\",\"item\":\"https:\/\/www.zebra.expert\/sl\/\"},{\"@type\":\"ListItem\",\"position\":2,\"name\":\"About Us\"}]},{\"@type\":\"WebSite\",\"@id\":\"https:\/\/www.zebra.expert\/sl\/#website\",\"url\":\"https:\/\/www.zebra.expert\/sl\/\",\"name\":\"Zebra Strokovnjak\",\"description\":\"Ena Vizija Ena Misija - Skupaj Najbolj\u0161i!\",\"potentialAction\":[{\"@type\":\"SearchAction\",\"target\":{\"@type\":\"EntryPoint\",\"urlTemplate\":\"https:\/\/www.zebra.expert\/sl\/?s={search_term_string}\"},\"query-input\":{\"@type\":\"PropertyValueSpecification\",\"valueRequired\":true,\"valueName\":\"search_term_string\"}}],\"inLanguage\":\"sl-SI\"}]}<\/script>\n<!-- \/ Yoast SEO plugin. -->","yoast_head_json":{"title":"About Us - Zebra Strokovnjak","robots":{"index":"index","follow":"follow","max-snippet":"max-snippet:-1","max-image-preview":"max-image-preview:large","max-video-preview":"max-video-preview:-1"},"canonical":"https:\/\/www.zebra.expert\/sl\/about-us\/","og_locale":"sl_SI","og_type":"article","og_title":"About Us - Zebra Strokovnjak","og_description":"Pospe\u0161imo va\u0161o ustvarjalno inteligenco. Ostanimo napredni in ujemimo \u010das, ki prihaja v vrhunski kakovosti. Na\u0161e poslanstvo je zvok popolne zgodbe. Skupaj Najbolj\u0161i! Dobrodo\u0161li na na\u0161i frekvenci! Smo skupina strokovnjakov zbranih za uresni\u010ditev va\u0161e kreativne inteligence in poobla\u0161\u010denih za zastopanje v postopkih za\u0161\u010dite va\u0161e intelektualne lastnine na nacionalnem, mednarodnem in svetovnem nivoju. S pisarno s sede\u017eem [&hellip;]","og_url":"https:\/\/www.zebra.expert\/sl\/about-us\/","og_site_name":"Zebra Strokovnjak","article_modified_time":"2019-05-09T10:56:01+00:00","twitter_card":"summary_large_image","twitter_misc":{"Est. reading time":"2 minuti"},"schema":{"@context":"https:\/\/schema.org","@graph":[{"@type":"WebPage","@id":"https:\/\/www.zebra.expert\/sl\/about-us\/","url":"https:\/\/www.zebra.expert\/sl\/about-us\/","name":"About Us - Zebra Strokovnjak","isPartOf":{"@id":"https:\/\/www.zebra.expert\/sl\/#website"},"datePublished":"2018-12-28T13:50:02+00:00","dateModified":"2019-05-09T10:56:01+00:00","breadcrumb":{"@id":"https:\/\/www.zebra.expert\/sl\/about-us\/#breadcrumb"},"inLanguage":"sl-SI","potentialAction":[{"@type":"ReadAction","target":["https:\/\/www.zebra.expert\/sl\/about-us\/"]}]},{"@type":"BreadcrumbList","@id":"https:\/\/www.zebra.expert\/sl\/about-us\/#breadcrumb","itemListElement":[{"@type":"ListItem","position":1,"name":"Home","item":"https:\/\/www.zebra.expert\/sl\/"},{"@type":"ListItem","position":2,"name":"About Us"}]},{"@type":"WebSite","@id":"https:\/\/www.zebra.expert\/sl\/#website","url":"https:\/\/www.zebra.expert\/sl\/","name":"Zebra Strokovnjak","description":"Ena Vizija Ena Misija - Skupaj Najbolj\u0161i!","potentialAction":[{"@type":"SearchAction","target":{"@type":"EntryPoint","urlTemplate":"https:\/\/www.zebra.expert\/sl\/?s={search_term_string}"},"query-input":{"@type":"PropertyValueSpecification","valueRequired":true,"valueName":"search_term_string"}}],"inLanguage":"sl-SI"}]}},"_links":{"self":[{"href":"https:\/\/www.zebra.expert\/sl\/wp-json\/wp\/v2\/pages\/2","targetHints":{"allow":["GET"]}}],"collection":[{"href":"https:\/\/www.zebra.expert\/sl\/wp-json\/wp\/v2\/pages"}],"about":[{"href":"https:\/\/www.zebra.expert\/sl\/wp-json\/wp\/v2\/types\/page"}],"author":[{"embeddable":true,"href":"https:\/\/www.zebra.expert\/sl\/wp-json\/wp\/v2\/users\/1"}],"replies":[{"embeddable":true,"href":"https:\/\/www.zebra.expert\/sl\/wp-json\/wp\/v2\/comments?post=2"}],"version-history":[{"count":0,"href":"https:\/\/www.zebra.expert\/sl\/wp-json\/wp\/v2\/pages\/2\/revisions"}],"wp:attachment":[{"href":"https:\/\/www.zebra.expert\/sl\/wp-json\/wp\/v2\/media?parent=2"}],"curies":[{"name":"wp","href":"https:\/\/api.w.org\/{rel}","templated":true}]}}